{"id":12749,"date":"2020-03-03T15:31:29","date_gmt":"2020-03-03T15:31:29","guid":{"rendered":"http:\/\/wollmann2020:8000\/historie\/"},"modified":"2023-03-31T15:40:40","modified_gmt":"2023-03-31T15:40:40","slug":"history","status":"publish","type":"page","link":"https:\/\/www.wollmann.de\/en\/history\/","title":{"rendered":"History"},"content":{"rendered":"<div class=\"module banner\">\n    <div class=\"banner__image\">\n        \n    <picture\n                class=\"picture  picture--hero\"\n    >\n                <source data-srcset=\"https:\/\/www.wollmann.de\/wp-content\/uploads\/2020\/03\/wollmann_historie-800x320.jpg\" media=\"(max-width: 700px)\"\/>\n                <source data-srcset=\"https:\/\/www.wollmann.de\/wp-content\/uploads\/2020\/03\/wollmann_historie.jpg\" media=\"(max-width: 860px)\"\/>\n                <img decoding=\"async\"\n            src=\"\"\n            data-srcset=\"https:\/\/www.wollmann.de\/wp-content\/uploads\/2020\/03\/wollmann_historie.jpg 1x, https:\/\/www.wollmann.de\/wp-content\/uploads\/2020\/03\/wollmann_historie.jpg 2x\"\n            class=\"lazyload picture__image\"\n            alt=\"\"\n            title=\"wollmann_historie\"\/>\n\n        <noscript>\n            <img decoding=\"async\" src=\"https:\/\/www.wollmann.de\/wp-content\/uploads\/2020\/03\/wollmann_historie.jpg\" alt=\"\" title=\"wollmann_historie\"\/>\n        <\/noscript>\n    <\/picture>\n\n        <\/div>\n    <div class=\"banner__content\">\n                <div class=\"container\">\n            <span class=\"topline\">History<\/span>\n                                    <h2>Wollmann &#038; Partner was founded in 1921.<\/h2>\n        <\/div>\n            <\/div>\n<\/div>\n<\/div>\n\n\n<div class=\"module module--text text\"\n    >\n    <div class=\"container\">\n        <div class=\"grid\">\n\n            <div class=\"size--8\">\n                \n                                    <span class=\"topline\">History<\/span>\n                                                                    <p>Wollmann &amp; Partner was founded by the lawyer Dr. Ernst Wollmann in Lichterfelde in 1921 and carried on by his sons, Ernst-J\u00fcrgen Wollmann and Ernst-R\u00fcdiger Wollmann. After their death, the lawyers and notaries d.D. Dr. Joachim B\u00f6rner and Frank Leithold who have been working for Wollmann &amp; Partner for more than 30 years stepped in as Senior Partners.<\/p>\n                            <\/div>\n                    <\/div>  \n    <\/div>\n<\/div>\n","protected":false},"excerpt":{"rendered":"","protected":false},"author":1,"featured_media":0,"parent":0,"menu_order":22,"comment_status":"closed","ping_status":"closed","template":"","meta":{"_acf_changed":false,"footnotes":""},"class_list":["post-12749","page","type-page","status-publish","hentry"],"acf":[],"yoast_head":"<!-- This site is optimized with the Yoast SEO plugin v25.8 - https:\/\/yoast.com\/wordpress\/plugins\/seo\/ -->\n<title>History | Wollmann &amp; Partner<\/title>\n<meta name=\"robots\" content=\"index, follow, max-snippet:-1, max-image-preview:large, max-video-preview:-1\" \/>\n<link rel=\"canonical\" href=\"https:\/\/www.wollmann.de\/en\/history\/\" \/>\n<meta property=\"og:locale\" content=\"en_US\" \/>\n<meta property=\"og:type\" content=\"article\" \/>\n<meta property=\"og:title\" content=\"History | Wollmann &amp; Partner\" \/>\n<meta property=\"og:url\" content=\"https:\/\/www.wollmann.de\/en\/history\/\" \/>\n<meta property=\"og:site_name\" content=\"Wollmann &amp; Partner\" \/>\n<meta property=\"article:modified_time\" content=\"2023-03-31T15:40:40+00:00\" \/>\n<meta name=\"twitter:card\" content=\"summary_large_image\" \/>\n<script type=\"application\/ld+json\" class=\"yoast-schema-graph\">{\"@context\":\"https:\/\/schema.org\",\"@graph\":[{\"@type\":\"WebPage\",\"@id\":\"https:\/\/www.wollmann.de\/en\/history\/\",\"url\":\"https:\/\/www.wollmann.de\/en\/history\/\",\"name\":\"History | Wollmann &amp; Partner\",\"isPartOf\":{\"@id\":\"https:\/\/www.wollmann.de\/en\/#website\"},\"datePublished\":\"2020-03-03T15:31:29+00:00\",\"dateModified\":\"2023-03-31T15:40:40+00:00\",\"breadcrumb\":{\"@id\":\"https:\/\/www.wollmann.de\/en\/history\/#breadcrumb\"},\"inLanguage\":\"en-US\",\"potentialAction\":[{\"@type\":\"ReadAction\",\"target\":[\"https:\/\/www.wollmann.de\/en\/history\/\"]}]},{\"@type\":\"BreadcrumbList\",\"@id\":\"https:\/\/www.wollmann.de\/en\/history\/#breadcrumb\",\"itemListElement\":[{\"@type\":\"ListItem\",\"position\":1,\"name\":\"Home\",\"item\":\"https:\/\/www.wollmann.de\/en\/\"},{\"@type\":\"ListItem\",\"position\":2,\"name\":\"History\"}]},{\"@type\":\"WebSite\",\"@id\":\"https:\/\/www.wollmann.de\/en\/#website\",\"url\":\"https:\/\/www.wollmann.de\/en\/\",\"name\":\"Wollmann &amp; Partner\",\"description\":\"Layers and Notaries | Berlin\",\"potentialAction\":[{\"@type\":\"SearchAction\",\"target\":{\"@type\":\"EntryPoint\",\"urlTemplate\":\"https:\/\/www.wollmann.de\/en\/?s={search_term_string}\"},\"query-input\":{\"@type\":\"PropertyValueSpecification\",\"valueRequired\":true,\"valueName\":\"search_term_string\"}}],\"inLanguage\":\"en-US\"}]}<\/script>\n<!-- \/ Yoast SEO plugin. -->","yoast_head_json":{"title":"History | Wollmann &amp; Partner","robots":{"index":"index","follow":"follow","max-snippet":"max-snippet:-1","max-image-preview":"max-image-preview:large","max-video-preview":"max-video-preview:-1"},"canonical":"https:\/\/www.wollmann.de\/en\/history\/","og_locale":"en_US","og_type":"article","og_title":"History | Wollmann &amp; Partner","og_url":"https:\/\/www.wollmann.de\/en\/history\/","og_site_name":"Wollmann &amp; Partner","article_modified_time":"2023-03-31T15:40:40+00:00","twitter_card":"summary_large_image","schema":{"@context":"https:\/\/schema.org","@graph":[{"@type":"WebPage","@id":"https:\/\/www.wollmann.de\/en\/history\/","url":"https:\/\/www.wollmann.de\/en\/history\/","name":"History | Wollmann &amp; Partner","isPartOf":{"@id":"https:\/\/www.wollmann.de\/en\/#website"},"datePublished":"2020-03-03T15:31:29+00:00","dateModified":"2023-03-31T15:40:40+00:00","breadcrumb":{"@id":"https:\/\/www.wollmann.de\/en\/history\/#breadcrumb"},"inLanguage":"en-US","potentialAction":[{"@type":"ReadAction","target":["https:\/\/www.wollmann.de\/en\/history\/"]}]},{"@type":"BreadcrumbList","@id":"https:\/\/www.wollmann.de\/en\/history\/#breadcrumb","itemListElement":[{"@type":"ListItem","position":1,"name":"Home","item":"https:\/\/www.wollmann.de\/en\/"},{"@type":"ListItem","position":2,"name":"History"}]},{"@type":"WebSite","@id":"https:\/\/www.wollmann.de\/en\/#website","url":"https:\/\/www.wollmann.de\/en\/","name":"Wollmann &amp; Partner","description":"Layers and Notaries | Berlin","potentialAction":[{"@type":"SearchAction","target":{"@type":"EntryPoint","urlTemplate":"https:\/\/www.wollmann.de\/en\/?s={search_term_string}"},"query-input":{"@type":"PropertyValueSpecification","valueRequired":true,"valueName":"search_term_string"}}],"inLanguage":"en-US"}]}},"_links":{"self":[{"href":"https:\/\/www.wollmann.de\/en\/wp-json\/wp\/v2\/pages\/12749","targetHints":{"allow":["GET"]}}],"collection":[{"href":"https:\/\/www.wollmann.de\/en\/wp-json\/wp\/v2\/pages"}],"about":[{"href":"https:\/\/www.wollmann.de\/en\/wp-json\/wp\/v2\/types\/page"}],"author":[{"embeddable":true,"href":"https:\/\/www.wollmann.de\/en\/wp-json\/wp\/v2\/users\/1"}],"replies":[{"embeddable":true,"href":"https:\/\/www.wollmann.de\/en\/wp-json\/wp\/v2\/comments?post=12749"}],"version-history":[{"count":5,"href":"https:\/\/www.wollmann.de\/en\/wp-json\/wp\/v2\/pages\/12749\/revisions"}],"predecessor-version":[{"id":13870,"href":"https:\/\/www.wollmann.de\/en\/wp-json\/wp\/v2\/pages\/12749\/revisions\/13870"}],"wp:attachment":[{"href":"https:\/\/www.wollmann.de\/en\/wp-json\/wp\/v2\/media?parent=12749"}],"curies":[{"name":"wp","href":"https:\/\/api.w.org\/{rel}","templated":true}]}}